{"id":4448,"date":"2024-11-05T10:27:58","date_gmt":"2024-11-05T09:27:58","guid":{"rendered":"https:\/\/www.sugarplus.es\/?page_id=4448"},"modified":"2024-11-05T11:54:13","modified_gmt":"2024-11-05T10:54:13","slug":"politica-cookies","status":"publish","type":"page","link":"https:\/\/www.sugarplus.es\/es\/politica-cookies\/","title":{"rendered":"Pol\u00edtica Cookies"},"content":{"rendered":"<div class=\"fusion-fullwidth fullwidth-box fusion-builder-row-1 fusion-flex-container has-pattern-background has-mask-background nonhundred-percent-fullwidth non-hundred-percent-height-scrolling\" style=\"--awb-border-radius-top-left:0px;--awb-border-radius-top-right:0px;--awb-border-radius-bottom-right:0px;--awb-border-radius-bottom-left:0px;--awb-background-color:rgba(36,36,36,0);--awb-flex-wrap:wrap;\" ><div class=\"fusion-builder-row fusion-row fusion-flex-align-items-flex-start fusion-flex-content-wrap\" style=\"max-width:83.2%;margin-left: calc(-4% \/ 2 );margin-right: calc(-4% \/ 2 );\"><div class=\"fusion-layout-column fusion_builder_column fusion-builder-column-0 fusion_builder_column_1_1 1_1 fusion-flex-column\" style=\"--awb-bg-size:cover;--awb-width-large:100%;--awb-margin-top-large:0px;--awb-spacing-right-large:1.92%;--awb-margin-bottom-large:0px;--awb-spacing-left-large:1.92%;--awb-width-medium:100%;--awb-order-medium:0;--awb-spacing-right-medium:1.92%;--awb-spacing-left-medium:1.92%;--awb-width-small:100%;--awb-order-small:0;--awb-spacing-right-small:1.92%;--awb-spacing-left-small:1.92%;\"><div class=\"fusion-column-wrapper fusion-column-has-shadow fusion-flex-justify-content-flex-start fusion-content-layout-column\"><div class=\"fusion-text fusion-text-1\"><p>Este aviso explica c\u00f3mo\u00a0<a href=\"https:\/\/www.edfman.com\/\" target=\"_blank\" rel=\"noopener\"><strong>ED &amp; F Man Holdings Limited<\/strong><\/a>\u00a0y nuestras empresas del grupo (<strong>empresa<\/strong>,\u00a0<strong>nosotras<\/strong>,\u00a0<strong>nosotros<\/strong>) utiliza cookies en nuestro sitio web\u00a0<a href=\"https:\/\/www.sugarplus.es\/\"><strong>www.sugarplus.es<\/strong><\/a>. Explica los tipos de cookies que utilizamos y por qu\u00e9, y tambi\u00e9n c\u00f3mo puede cambiar sus preferencias de cookies.<\/p>\n<p>Debe leer este aviso de cookies junto con nuestro\u00a0<a href=\"\/es\/terminos-de-uso\/\" target=\"_blank\" rel=\"noopener\">T\u00e9rminos de Uso del Sitio Web<\/a>\u00a0y nuestro\u00a0<a href=\"\/es\/politica-de-privacidad\/\" target=\"_blank\" rel=\"noopener\">Pol\u00edtica de Privacidad<\/a><\/p>\n<\/div><div class=\"fusion-title title fusion-title-1 fusion-sep-none fusion-title-text fusion-title-size-four\" style=\"--awb-margin-top-small:0px;--awb-margin-right-small:0px;--awb-margin-bottom-small:20px;--awb-margin-left-small:0px;\"><h4 class=\"fusion-title-heading title-heading-left fusion-responsive-typography-calculated\" style=\"margin:0;--fontSize:16;--minFontSize:16;line-height:1.6;\">1. \u00bfQu\u00e9 es una \u201ccookie\u201d?<\/h4><\/div><div class=\"fusion-text fusion-text-2\"><p>Una cookie es un archivo de texto que se almacena en su computadora o dispositivo cuando visita un sitio web.\u00a0Generalmente se utilizan para hacer que los sitios web funcionen o funcionen de manera m\u00e1s eficiente, as\u00ed como para proporcionar informaci\u00f3n sobre su uso del sitio web, y para mostrar contenido y publicidad que sea relevante para usted.<\/p>\n<p>Otras tecnolog\u00edas operan de manera similar pero utilizan nombres diferentes: por ejemplo, p\u00edxeles, balizas, etiquetas, scripts, complementos de redes sociales, t\u00e9cnicas de huellas dactilares de dispositivos.\u00a0 En este aviso de cookies utilizamos el t\u00e9rmino \u201c<strong>cookie<\/strong>\u201d para referirse a toda tecnolog\u00eda similar.<\/p>\n<\/div><div class=\"fusion-title title fusion-title-2 fusion-sep-none fusion-title-text fusion-title-size-four\" style=\"--awb-margin-top-small:0px;--awb-margin-right-small:0px;--awb-margin-bottom-small:20px;--awb-margin-left-small:0px;\"><h4 class=\"fusion-title-heading title-heading-left fusion-responsive-typography-calculated\" style=\"margin:0;--fontSize:16;--minFontSize:16;line-height:1.6;\">2. \u00bfPor qu\u00e9 utilizamos cookies?<\/h4><\/div><div class=\"fusion-text fusion-text-3\"><p>Nosotros (y nuestros socios, incluidos los socios de marketing) utilizamos cookies para diversos fines: analizar tendencias, administrar los servicios, recordar sus preferencias, rastrear los movimientos de los usuarios y los movimientos en nuestro sitio web, recopile informaci\u00f3n demogr\u00e1fica sobre nuestra base de usuarios en su conjunto, le permita navegar entre p\u00e1ginas web de manera m\u00e1s eficiente y nos ayude a comprender c\u00f3mo se utiliza nuestro sitio web para que podamos mejorarlo. El prop\u00f3sito de cada cookie que utilizamos se establece a continuaci\u00f3n.<\/p>\n<\/div><div class=\"fusion-title title fusion-title-3 fusion-sep-none fusion-title-text fusion-title-size-four\" style=\"--awb-margin-top-small:0px;--awb-margin-right-small:0px;--awb-margin-bottom-small:20px;--awb-margin-left-small:0px;\"><h4 class=\"fusion-title-heading title-heading-left fusion-responsive-typography-calculated\" style=\"margin:0;--fontSize:16;--minFontSize:16;line-height:1.6;\">3. \u00bfQu\u00e9 cookies utilizamos y cu\u00e1nto tiempo permanecer\u00e1n en mi dispositivo?<\/h4><\/div><div class=\"fusion-text fusion-text-4\"><p>Utilizamos cuatro tipos de cookies: cookies estrictamente necesarias, cookies de rendimiento, cookies de funcionalidad (incluidas las de las redes sociales) y cookies publicitarias.\u00a0 Cada tipo de cookie tiene un prop\u00f3sito diferente.<\/p>\n<p>Algunas cookies las establecemos nosotros (conocidas como cookies propias).<\/p>\n<p>Otras cookies las establece el sitio web de otra organizaci\u00f3n (conocidas como cookies de terceros).\u00a0 Para las cookies de terceros, no tenemos acceso ni control sobre estas tecnolog\u00edas.\u00a0 No vinculamos la informaci\u00f3n recopilada por terceros a nuestra informaci\u00f3n personal de clientes\u2019 o usuarios\u2019.<\/p>\n<p>Una cookie puede ser una cookie de sesi\u00f3n o una cookie persistente.\u00a0 Una cookie de sesi\u00f3n se almacena temporalmente en su computadora o dispositivo mientras utiliza el sitio web y se elimina cuando cierra su navegador de Internet.\u00a0 Una cookie persistente permanece en su computadora o dispositivo despu\u00e9s de haber cerrado su navegador, por lo tanto, podemos recordar si ha visitado nuestro sitio web antes o sus preferencias [o para realizar un seguimiento de sus acciones en diferentes sitios web para dirigirle publicidad].\u00a0 Dependiendo del tipo de cookie, el per\u00edodo de tiempo que la cookie persistente permanece en su computadora o dispositivo se establece a continuaci\u00f3n.<\/p>\n<\/div><div class=\"fusion-title title fusion-title-4 fusion-sep-none fusion-title-text fusion-title-size-six\" style=\"--awb-margin-top-small:0px;--awb-margin-right-small:0px;--awb-margin-bottom-small:20px;--awb-margin-left-small:0px;\"><h6 class=\"fusion-title-heading title-heading-left fusion-responsive-typography-calculated\" style=\"margin:0;--fontSize:11;--minFontSize:11;line-height:1.5;\">3.1. Cookies t\u00e9cnicas o funcionales<\/h6><\/div><div class=\"fusion-text fusion-text-5\"><p>Algunas cookies garantizan que ciertas partes del sitio web funcionen correctamente y que sus preferencias de usuario sigan siendo conocidas. Al colocar cookies funcionales, le facilitamos la visita a nuestro sitio web. De esta manera, no es necesario introducir repetidamente la misma informaci\u00f3n al visitar nuestra p\u00e1gina web y, por ejemplo, los art\u00edculos permanecen en su carrito de compras hasta que haya pagado. Podemos colocar estas cookies sin su consentimiento.<\/p>\n<\/div>\n<div class=\"table-1\" style=\"--awb-margin-bottom:20px;\">\n<table width=\"100%\">\n<thead>\n<tr>\n<th align=\"left\"><strong>Nombre de la cookie<\/strong><\/th>\n<th align=\"left\"><strong>Per\u00edodo de caducidad<\/strong><\/th>\n<th align=\"left\"><strong>\u00bfQui\u00e9n coloca la Cookie?<\/strong><\/th>\n<\/tr>\n<\/thead>\n<tbody>\n<tr>\n<td align=\"left\"><a href=\"https:\/\/cookiedatabase.org\/cookie\/google-recaptcha\/_grecaptcha\/\" target=\"_blank\" rel=\"noopener noreferrer nofollow\">_grecaptcha<\/a><\/td>\n<td align=\"left\">sesi\u00f3n<\/td>\n<td align=\"left\">Google reCaptcha<\/td>\n<\/tr>\n<tr>\n<td align=\"left\"><a href=\"https:\/\/cookiedatabase.org\/cookie\/youtube\/visitor_info1_live\/\" target=\"_blank\" rel=\"noopener noreferrer nofollow\">VISITOR_INFO1_LIVE<\/a><\/td>\n<td align=\"left\">6 meses<\/td>\n<td align=\"left\">YouTube<\/td>\n<\/tr>\n<tr>\n<td align=\"left\"><a href=\"https:\/\/cookiedatabase.org\/cookie\/complianz\/cmplz_policy_id\/\" target=\"_blank\" rel=\"noopener noreferrer nofollow\">cmplz_policy_id<\/a><\/td>\n<td align=\"left\">1 a\u00f1o<\/td>\n<td align=\"left\">Complianz Plugin<\/td>\n<\/tr>\n<tr>\n<td align=\"left\"><a href=\"https:\/\/cookiedatabase.org\/cookie\/complianz\/cmplz_marketing\/\" target=\"_blank\" rel=\"noopener noreferrer nofollow\">cmplz_marketing<\/a><\/td>\n<td align=\"left\">1 a\u00f1o<\/td>\n<td align=\"left\">Complianz Plugin<\/td>\n<\/tr>\n<tr>\n<td align=\"left\"><a href=\"https:\/\/cookiedatabase.org\/cookie\/complianz\/cmplz_banner-status\/\" target=\"_blank\" rel=\"noopener noreferrer nofollow\">cmplz_banner-status<\/a><\/td>\n<td align=\"left\">1 a\u00f1o<\/td>\n<td align=\"left\">Complianz Plugin<\/td>\n<\/tr>\n<tr>\n<td align=\"left\">ARRAffinity<\/td>\n<td align=\"left\">1 a\u00f1o<\/td>\n<td align=\"left\">Microsoft Azure<\/td>\n<\/tr>\n<tr>\n<td align=\"left\">ARRAffinitySameSite<\/td>\n<td align=\"left\">1 a\u00f1o<\/td>\n<td align=\"left\">Microsoft Azure<\/td>\n<\/tr>\n<tr>\n<td align=\"left\"><a href=\"https:\/\/cookiedatabase.org\/cookie\/WPML\/wp-wpml_current_language\" target=\"_blank\" rel=\"nofollow noopener\">wp-wpml_current_language<\/a><\/td>\n<td align=\"left\">1 d\u00eda<\/td>\n<td align=\"left\">WPML<\/td>\n<\/tr>\n<\/tbody>\n<\/table>\n<\/div>\n<div class=\"fusion-title title fusion-title-5 fusion-sep-none fusion-title-text fusion-title-size-six\" style=\"--awb-margin-top-small:0px;--awb-margin-right-small:0px;--awb-margin-bottom-small:20px;--awb-margin-left-small:0px;\"><h6 class=\"fusion-title-heading title-heading-left fusion-responsive-typography-calculated\" style=\"margin:0;--fontSize:11;--minFontSize:11;line-height:1.5;\">3.2. Cookies estad\u00edsticas<\/h6><\/div><div class=\"fusion-text fusion-text-6\"><p>Estas cookies nos ayudan a mejorar el funcionamiento de nuestro sitio web. Por ejemplo, recopilan informaci\u00f3n que nos permite contar el n\u00famero de visitantes de nuestro sitio web y ver c\u00f3mo se mueven los visitantes por nuestro sitio web.<\/p>\n<\/div>\n<div class=\"table-1\" style=\"--awb-margin-bottom:20px;\">\n<table width=\"100%\">\n<thead>\n<tr>\n<th align=\"left\"><strong>Nombre de la cookie<\/strong><\/th>\n<th align=\"left\"><strong>Per\u00edodo de caducidad<\/strong><\/th>\n<th align=\"left\"><strong>\u00bfQui\u00e9n coloca la Cookie?<\/strong><\/th>\n<\/tr>\n<\/thead>\n<tbody>\n<tr>\n<td align=\"left\"><a href=\"https:\/\/cookiedatabase.org\/cookie\/google-analytics\/_ga\/\" target=\"_blank\" rel=\"noopener noreferrer nofollow\">_ga<\/a><\/td>\n<td align=\"left\">2 a\u00f1os<\/td>\n<td align=\"left\">Google Analytics<\/td>\n<\/tr>\n<tr>\n<td align=\"left\"><a href=\"https:\/\/cookiedatabase.org\/cookie\/google-analytics\/_ga_\/\" target=\"_blank\" rel=\"noopener noreferrer nofollow\">_ga_*<\/a><\/td>\n<td align=\"left\">1 a\u00f1o<\/td>\n<td align=\"left\">Google Analytics<\/td>\n<\/tr>\n<\/tbody>\n<\/table>\n<\/div>\n<div class=\"fusion-title title fusion-title-6 fusion-sep-none fusion-title-text fusion-title-size-six\" style=\"--awb-margin-top-small:0px;--awb-margin-right-small:0px;--awb-margin-bottom-small:20px;--awb-margin-left-small:0px;\"><h6 class=\"fusion-title-heading title-heading-left fusion-responsive-typography-calculated\" style=\"margin:0;--fontSize:11;--minFontSize:11;line-height:1.5;\">3.3. Cookies de marketing\/seguimiento<\/h6><\/div><div class=\"fusion-text fusion-text-7\"><p>Estas cookies permiten que el sitio web recuerde las opciones que ha realizado, como su nombre de usuario, idioma, regi\u00f3n en la que se encuentra, para brindarle una experiencia m\u00e1s mejorada y personalizada.<\/p>\n<p>Tambi\u00e9n utilizamos cookies HTTP para personalizar su experiencia de usuario, recordar su configuraci\u00f3n y monitorear el uso y la efectividad de nuestros servicios.<\/p>\n<\/div>\n<div class=\"table-1\" style=\"--awb-margin-bottom:20px;\">\n<table width=\"100%\">\n<thead>\n<tr>\n<th align=\"left\"><strong>Nombre de la cookie<\/strong><\/th>\n<th align=\"left\"><strong>Per\u00edodo de caducidad<\/strong><\/th>\n<th align=\"left\"><strong>\u00bfQui\u00e9n coloca la Cookie?<\/strong><\/th>\n<\/tr>\n<\/thead>\n<tbody>\n<tr>\n<td align=\"left\"><a href=\"https:\/\/cookiedatabase.org\/cookie\/google-recaptcha\/_grecaptcha\/\" target=\"_blank\" rel=\"noopener noreferrer nofollow\">_grecaptcha<\/a><\/td>\n<td align=\"left\">sesi\u00f3n<\/td>\n<td align=\"left\">Google reCaptcha<\/td>\n<\/tr>\n<tr>\n<td align=\"left\"><a href=\"https:\/\/cookiedatabase.org\/cookie\/google-recaptcha\/rcb\/\" target=\"_blank\" rel=\"noopener noreferrer nofollow\">rc::b<\/a><\/td>\n<td align=\"left\">sesi\u00f3n<\/td>\n<td align=\"left\">Google reCaptcha<\/td>\n<\/tr>\n<tr>\n<td align=\"left\"><a href=\"https:\/\/cookiedatabase.org\/cookie\/google-recaptcha\/rca\/\" target=\"_blank\" rel=\"noopener noreferrer nofollow\">rc::a<\/a><\/td>\n<td align=\"left\">sesi\u00f3n<\/td>\n<td align=\"left\">Google reCaptcha<\/td>\n<\/tr>\n<tr>\n<td align=\"left\"><a href=\"https:\/\/cookiedatabase.org\/cookie\/google-fonts\/tcb_google_fonts\/\" target=\"_blank\" rel=\"noopener noreferrer nofollow\">Google Fonts API<\/a><\/td>\n<td align=\"left\">expira inmediatamente<\/td>\n<td align=\"left\">Google Fonts<\/td>\n<\/tr>\n<tr>\n<td align=\"left\"><a href=\"https:\/\/cookiedatabase.org\/cookie\/google-maps\/google-maps-api\/\" target=\"_blank\" rel=\"noopener noreferrer nofollow\">Google Maps API<\/a><\/td>\n<td align=\"left\">expira inmediatamente<\/td>\n<td align=\"left\">Google Maps<\/td>\n<\/tr>\n<tr>\n<td align=\"left\"><a href=\"https:\/\/cookiedatabase.org\/cookie\/youtube\/gps\/\" target=\"_blank\" rel=\"noopener noreferrer nofollow\">GPS<\/a><\/td>\n<td align=\"left\">sesi\u00f3n<\/td>\n<td align=\"left\">Youtube<\/td>\n<\/tr>\n<tr>\n<td align=\"left\"><a href=\"https:\/\/cookiedatabase.org\/cookie\/youtube\/ysc\/\" target=\"_blank\" rel=\"noopener noreferrer nofollow\">YSC<\/a><\/td>\n<td align=\"left\">sesi\u00f3n<\/td>\n<td align=\"left\">Youtube<\/td>\n<\/tr>\n<tr>\n<td align=\"left\"><a href=\"https:\/\/cookiedatabase.org\/cookie\/youtube\/pref\/\" target=\"_blank\" rel=\"noopener noreferrer nofollow\">PREF<\/a><\/td>\n<td align=\"left\">8 meses<\/td>\n<td align=\"left\">Youtube<\/td>\n<\/tr>\n<\/tbody>\n<\/table>\n<\/div>\n<div class=\"fusion-title title fusion-title-7 fusion-sep-none fusion-title-text fusion-title-size-six\" style=\"--awb-margin-top-small:0px;--awb-margin-right-small:0px;--awb-margin-bottom-small:20px;--awb-margin-left-small:0px;\"><h6 class=\"fusion-title-heading title-heading-left fusion-responsive-typography-calculated\" style=\"margin:0;--fontSize:11;--minFontSize:11;line-height:1.5;\">3.4. Complementos de redes sociales<\/h6><\/div><div class=\"fusion-text fusion-text-8\"><p>Nuestro sitio web tambi\u00e9n tiene complementos de redes sociales. Un complemento le permite compartir el contenido de nuestro sitio web a trav\u00e9s de su cuenta de redes sociales o compartir informaci\u00f3n f\u00e1cilmente con otros. Tenemos presencia en Facebook, Twitter, Instagram, LinkedIn y YouTube.<\/p>\n<p>Si hace clic en cualquiera de los \u00edconos de las redes sociales de nuestro sitio web, ser\u00e1 llevado a nuestras p\u00e1ginas en esas plataformas.<\/p>\n<p>Luego, la plataforma puede comenzar a rastrear su comportamiento utilizando cookies para sus propios fines; por ejemplo, para comprender mejor sus intereses para que puedan presentarle contenido o publicidad relevante.<\/p>\n<p>Los datos sobre usted tambi\u00e9n pueden transmitirse al canal de redes sociales incluso si no hace clic en el complemento.<\/p>\n<p>Las plataformas de redes sociales nos proporcionar\u00e1n informaci\u00f3n estad\u00edstica, que utilizamos para ayudar a comprender c\u00f3mo usted y nuestros otros usuarios interact\u00faan con nuestra presencia en las redes sociales.<\/p>\n<p>Todas estas plataformas le brindan cierto control sobre el uso de tecnolog\u00eda de seguimiento no esencial y puede encontrar detalles sobre c\u00f3mo ejercer este control revisando sus avisos de privacidad y cookies.<\/p>\n<p>Contamos con acuerdos contractuales con los canales de redes sociales que utilizamos. Comun\u00edquese con nosotros para obtener m\u00e1s informaci\u00f3n a trav\u00e9s de la secci\u00f3n Informaci\u00f3n de contacto a continuaci\u00f3n.<\/p>\n<\/div><div class=\"fusion-title title fusion-title-8 fusion-sep-none fusion-title-text fusion-title-size-four\" style=\"--awb-margin-top-small:0px;--awb-margin-right-small:0px;--awb-margin-bottom-small:20px;--awb-margin-left-small:0px;\"><h4 class=\"fusion-title-heading title-heading-left fusion-responsive-typography-calculated\" style=\"margin:0;--fontSize:16;--minFontSize:16;line-height:1.6;\">4. C\u00f3mo cambiar tus preferencias de cookies<\/h4><\/div><div class=\"fusion-text fusion-text-9\"><p>Cuando visite nuestro sitio web por primera vez, le mostraremos una ventana emergente con una explicaci\u00f3n sobre las cookies. Tan pronto como haga clic en \u201cGuardar preferencias\u201d, nos dar\u00e1 su consentimiento utilizando las categor\u00edas de cookies y complementos que seleccion\u00f3 en la ventana emergente, como se describe en esta Pol\u00edtica de cookies. Puede desactivar el uso de cookies a trav\u00e9s de su navegador, pero tenga en cuenta que es posible que nuestro sitio web ya no funcione correctamente.<\/p>\n<p>Alternativamente, la mayor\u00eda de los navegadores web permiten cierto control de la mayor\u00eda de las cookies a trav\u00e9s de la configuraci\u00f3n del navegador. Descubra c\u00f3mo administrar cookies en navegadores populares:<\/p>\n<ul>\n<li><a href=\"https:\/\/support.google.com\/accounts\/answer\/61416?co=GENIE.Platform%3DDesktop&amp;hl=en\" target=\"_blank\" rel=\"nofollow noopener\">Google Chrome<\/a><\/li>\n<li><a href=\"https:\/\/privacy.microsoft.com\/en-us\/windows-10-microsoft-edge-and-privacy\" target=\"_blank\" rel=\"noopener\">Microsoft Edge<\/a><\/li>\n<li><a href=\"https:\/\/support.mozilla.org\/en-US\/kb\/enable-and-disable-cookies-website-preferences\" target=\"_blank\" rel=\"nofollow noopener\">Mozilla Firefox<\/a><\/li>\n<li><a href=\"https:\/\/support.microsoft.com\/en-gb\/help\/17442\/windows-internet-explorer-delete-manage-cookies\" target=\"_blank\" rel=\"nofollow noopener\">Microsoft Internet Explorer<\/a><\/li>\n<li><a href=\"https:\/\/www.opera.com\/help\/tutorials\/security\/privacy\/\" target=\"_blank\" rel=\"nofollow noopener\">Opera<\/a><\/li>\n<li><a href=\"https:\/\/support.apple.com\/en-gb\/safari\" target=\"_blank\" rel=\"nofollow noopener\">Apple Safari<\/a><\/li>\n<\/ul>\n<p>Si utiliza un tel\u00e9fono inteligente, normalmente puede evitar el seguimiento entre sitios y bloquear las cookies en la secci\u00f3n de configuraci\u00f3n de su dispositivo. Es posible que tambi\u00e9n pueda visitar sitios web sin dejar un historial activando la navegaci\u00f3n privada.\u00a0\u00a0 Debe visitar la secci\u00f3n de soporte del navegador en su dispositivo para obtener m\u00e1s informaci\u00f3n sobre c\u00f3mo hacerlo.<\/p>\n<\/div><div class=\"fusion-title title fusion-title-9 fusion-sep-none fusion-title-text fusion-title-size-four\" style=\"--awb-margin-top-small:0px;--awb-margin-right-small:0px;--awb-margin-bottom-small:20px;--awb-margin-left-small:0px;\"><h4 class=\"fusion-title-heading title-heading-left fusion-responsive-typography-calculated\" style=\"margin:0;--fontSize:16;--minFontSize:16;line-height:1.6;\">5. Cambios en este aviso de cookies<\/h4><\/div><div class=\"fusion-text fusion-text-10\"><p>Le informaremos de cualquier cambio en este aviso de cookies public\u00e1ndolos en esta p\u00e1gina y actualizando las tablas de cookies anteriores.<\/p>\n<p>Esta versi\u00f3n de nuestro aviso de cookies se actualiz\u00f3 el 9 de febrero de 2023.<\/p>\n<\/div><div class=\"fusion-title title fusion-title-10 fusion-sep-none fusion-title-text fusion-title-size-four\" style=\"--awb-margin-top-small:0px;--awb-margin-right-small:0px;--awb-margin-bottom-small:20px;--awb-margin-left-small:0px;\"><h4 class=\"fusion-title-heading title-heading-left fusion-responsive-typography-calculated\" style=\"margin:0;--fontSize:16;--minFontSize:16;line-height:1.6;\">6. Contacta con nosotros<\/h4><\/div><div class=\"fusion-text fusion-text-11\"><p>Si tiene alguna pregunta sobre el aviso de cookies, cont\u00e1ctenos en <a href=\"mailto:dataprotection@edfman.com\">dataprotection@edfman.com<\/a><\/p>\n<\/div><\/div><\/div><\/div><\/div>\n","protected":false},"excerpt":{"rendered":"","protected":false},"author":5,"featured_media":0,"parent":0,"menu_order":0,"comment_status":"closed","ping_status":"closed","template":"100-width.php","meta":{"footnotes":""},"class_list":["post-4448","page","type-page","status-publish","hentry"],"aioseo_notices":[],"_links":{"self":[{"href":"https:\/\/www.sugarplus.es\/es\/wp-json\/wp\/v2\/pages\/4448","targetHints":{"allow":["GET"]}}],"collection":[{"href":"https:\/\/www.sugarplus.es\/es\/wp-json\/wp\/v2\/pages"}],"about":[{"href":"https:\/\/www.sugarplus.es\/es\/wp-json\/wp\/v2\/types\/page"}],"author":[{"embeddable":true,"href":"https:\/\/www.sugarplus.es\/es\/wp-json\/wp\/v2\/users\/5"}],"replies":[{"embeddable":true,"href":"https:\/\/www.sugarplus.es\/es\/wp-json\/wp\/v2\/comments?post=4448"}],"version-history":[{"count":4,"href":"https:\/\/www.sugarplus.es\/es\/wp-json\/wp\/v2\/pages\/4448\/revisions"}],"predecessor-version":[{"id":4475,"href":"https:\/\/www.sugarplus.es\/es\/wp-json\/wp\/v2\/pages\/4448\/revisions\/4475"}],"wp:attachment":[{"href":"https:\/\/www.sugarplus.es\/es\/wp-json\/wp\/v2\/media?parent=4448"}],"curies":[{"name":"wp","href":"https:\/\/api.w.org\/{rel}","templated":true}]}}