{"id":3943,"date":"2018-12-19T11:17:21","date_gmt":"2018-12-19T11:17:21","guid":{"rendered":"https:\/\/www.sugarplus.es\/sobre-nosotros\/"},"modified":"2018-12-19T11:17:21","modified_gmt":"2018-12-19T11:17:21","slug":"sobre-nosotros","status":"publish","type":"page","link":"https:\/\/www.sugarplus.es\/es\/sobre-nosotros\/","title":{"rendered":"SOBRE NOSOTROS"},"content":{"rendered":"<p><div class=\"fusion-bg-parallax\" data-bg-align=\"center center\" data-direction=\"down\" data-mute=\"false\" data-opacity=\"100\" data-velocity=\"-0.5\" data-mobile-enabled=\"true\" data-break_parents=\"0\" data-bg-image=\"https:\/\/www.sugarplus.es\/wp-content\/uploads\/2019\/10\/Banner-Main.jpg\" data-bg-repeat=\"false\" data-bg-color=\"#ffffff\" ><\/div><div class=\"fusion-fullwidth fullwidth-box fusion-builder-row-1 faded-background fusion-parallax-down hundred-percent-fullwidth non-hundred-percent-height-scrolling lazyload\" style=\"--awb-border-color:#e9edf4;--awb-border-radius-top-left:0px;--awb-border-radius-top-right:0px;--awb-border-radius-bottom-right:0px;--awb-border-radius-bottom-left:0px;--awb-padding-top:7%;--awb-padding-right:5%;--awb-padding-bottom:7%;--awb-padding-left:5%;--awb-background-size:cover;--awb-border-sizes-top:0px;--awb-border-sizes-bottom:0px;--awb-flex-wrap:wrap;\" data-bg=\"https:\/\/www.sugarplus.es\/wp-content\/uploads\/2019\/10\/Banner-Main.jpg\" ><div class=\"fullwidth-faded lazyload\" style=\"--awb-background-color:#ffffff;--awb-background-size:cover;\" data-bg=\"https:\/\/www.sugarplus.es\/wp-content\/uploads\/2019\/10\/Banner-Main.jpg\" ><\/div><div class=\"fusion-builder-row fusion-row\"><div class=\"fusion-layout-column fusion_builder_column fusion-builder-column-0 fusion_builder_column_1_1 1_1 fusion-one-full fusion-column-first fusion-column-last fusion-column-no-min-height\" style=\"--awb-bg-size:cover;\"><div class=\"fusion-column-wrapper fusion-flex-column-wrapper-legacy\"><div class=\"fusion-text fusion-text-1\"><h3 style=\"text-align: center;\"><span style=\"color: #ff6b00; font-size: 24pt;\">SOBRE NOSOTROS<\/span><\/h3>\n<\/div><div class=\"fusion-clearfix\"><\/div><\/div><\/div><\/div><\/div><div id=\"THE-COMPANY\" class=\"fusion-container-anchor\"><div class=\"fusion-fullwidth fullwidth-box fusion-builder-row-2 nonhundred-percent-fullwidth non-hundred-percent-height-scrolling fusion-equal-height-columns\" style=\"--awb-background-position:left top;--awb-border-color:#ffffff;--awb-border-radius-top-left:0px;--awb-border-radius-top-right:0px;--awb-border-radius-bottom-right:0px;--awb-border-radius-bottom-left:0px;--awb-padding-top:0px;--awb-padding-right:0px;--awb-padding-bottom:0px;--awb-padding-left:0px;--awb-background-color:#ffffff;--awb-border-sizes-top:0px;--awb-border-sizes-bottom:0px;--awb-flex-wrap:wrap;\" ><div class=\"fusion-builder-row fusion-row\"><div class=\"fusion-layout-column fusion_builder_column fusion-builder-column-1 fusion_builder_column_1_2 1_2 fusion-one-half fusion-column-first\" style=\"--awb-padding-top:10%;--awb-padding-right:10%;--awb-padding-bottom:10%;--awb-bg-size:cover;width:50%;width:calc(50% - ( ( 0 ) * 0.5 ) );margin-right: 0px;\"><div class=\"fusion-column-wrapper fusion-flex-column-wrapper-legacy\"><div class=\"fusion-title title fusion-title-1 fusion-sep-none fusion-title-center fusion-title-text fusion-title-size-three\" style=\"--awb-margin-top-small:0px;--awb-margin-right-small:0px;--awb-margin-bottom-small:20px;--awb-margin-left-small:0px;\"><h3 class=\"fusion-title-heading title-heading-center fusion-responsive-typography-calculated\" style=\"margin:0;--fontSize:22;line-height:1.3;\"><p style=\"text-align: left;\"><span style=\"color: #000000; font-size: 18pt;\">LA COMPA\u00d1IA<\/span><\/p><\/h3><\/div><div class=\"fusion-sep-clear\"><\/div><div class=\"fusion-separator fusion-full-width-sep\" style=\"margin-left: auto;margin-right: auto;margin-top:0px;margin-bottom:30px;width:100%;\"><\/div><div class=\"fusion-sep-clear\"><\/div><div class=\"fusion-text fusion-text-2\"><p><span style=\"color: #000000; font-size: 14pt;\">Fundada en 1783 en Inglaterra, ED&amp;F Man es hoy uno de los l\u00edderes mundiales en el comercio y distribuci\u00f3n de productos agr\u00edcolas espec\u00edficos (az\u00facar, caf\u00e9, legumbres, melazas y productos l\u00edquidos).<\/span><\/p>\n<p><span style=\"color: #000000; font-size: 14pt;\"> En Espa\u00f1a, ED&amp;F Man comercializa sus piensos l\u00edquidos a trav\u00e9s de la empresa espa\u00f1ola Iberliquidos, ubicada en Valladolid y operativa desde 2014 gracias a la asociaci\u00f3n de ED&amp;F Man y la cooperativa ACOR.<br \/>\n<\/span><span style=\"color: #000000; font-size: 14pt;\">Aprenda m\u00e1s sobre el grupo ED&amp;F Man aqu\u00ed. <\/span><span style=\"color: #0000ff; font-size: 14pt;\">www.edfman.com<\/span><\/p>\n<\/div><div class=\"fusion-clearfix\"><\/div><\/div><\/div><div class=\"fusion-layout-column fusion_builder_column fusion-builder-column-2 fusion_builder_column_1_2 1_2 fusion-one-half fusion-column-last\" style=\"--awb-bg-size:cover;width:50%;width:calc(50% - ( ( 0 ) * 0.5 ) );\"><div class=\"fusion-column-wrapper fusion-flex-column-wrapper-legacy\"><div class=\"fusion-sep-clear\"><\/div><div class=\"fusion-separator fusion-full-width-sep\" style=\"margin-left: auto;margin-right: auto;margin-top:0px;margin-bottom:30px;width:100%;\"><\/div><div class=\"fusion-sep-clear\"><\/div><div class=\"fusion-image-element in-legacy-container\" style=\"--awb-max-width:1200px;--awb-caption-title-font-family:var(--h2_typography-font-family);--awb-caption-title-font-weight:var(--h2_typography-font-weight);--awb-caption-title-font-style:var(--h2_typography-font-style);--awb-caption-title-size:var(--h2_typography-font-size);--awb-caption-title-transform:var(--h2_typography-text-transform);--awb-caption-title-line-height:var(--h2_typography-line-height);--awb-caption-title-letter-spacing:var(--h2_typography-letter-spacing);\"><span class=\" fusion-imageframe imageframe-none imageframe-1 hover-type-none fusion-animated\" data-animationType=\"fadeInUp\" data-animationDuration=\"0.3\" data-animationOffset=\"top-mid-of-view\"><img decoding=\"async\" width=\"1024\" height=\"606\" title=\"company2a\" src=\"https:\/\/www.sugarplus.es\/wp-content\/uploads\/2019\/02\/company2a.png\" data-orig-src=\"https:\/\/www.sugarplus.es\/wp-content\/uploads\/2019\/02\/company2a.png\" alt class=\"lazyload img-responsive wp-image-4092\" srcset=\"data:image\/svg+xml,%3Csvg%20xmlns%3D%27http%3A%2F%2Fwww.w3.org%2F2000%2Fsvg%27%20width%3D%271024%27%20height%3D%27606%27%20viewBox%3D%270%200%201024%20606%27%3E%3Crect%20width%3D%271024%27%20height%3D%27606%27%20fill-opacity%3D%220%22%2F%3E%3C%2Fsvg%3E\" data-srcset=\"https:\/\/www.sugarplus.es\/wp-content\/uploads\/2019\/02\/company2a-200x118.png 200w, https:\/\/www.sugarplus.es\/wp-content\/uploads\/2019\/02\/company2a-400x237.png 400w, https:\/\/www.sugarplus.es\/wp-content\/uploads\/2019\/02\/company2a-600x355.png 600w, https:\/\/www.sugarplus.es\/wp-content\/uploads\/2019\/02\/company2a-800x473.png 800w, https:\/\/www.sugarplus.es\/wp-content\/uploads\/2019\/02\/company2a.png 1024w\" data-sizes=\"auto\" data-orig-sizes=\"(max-width: 800px) 100vw, 800px\" \/><\/span><\/div><div class=\"fusion-sep-clear\"><\/div><div class=\"fusion-separator fusion-full-width-sep\" style=\"margin-left: auto;margin-right: auto;margin-top:0px;margin-bottom:30px;width:100%;\"><\/div><div class=\"fusion-sep-clear\"><\/div><div class=\"fusion-clearfix\"><\/div><\/div><\/div><\/div><\/div><\/div><div id=\"SUGARPLUS\" class=\"fusion-container-anchor\"><div class=\"fusion-bg-parallax\" data-bg-align=\"center center\" data-direction=\"down\" data-mute=\"false\" data-opacity=\"100\" data-velocity=\"-0.3\" data-mobile-enabled=\"true\" data-break_parents=\"0\" data-bg-image=\"https:\/\/www.sugarplus.es\/wp-content\/uploads\/2019\/11\/about-us-4-1024x475.jpg\" data-bg-repeat=\"false\" data-bg-color=\"#edeff4\" ><\/div><div class=\"fusion-fullwidth fullwidth-box fusion-builder-row-3 fusion-parallax-down nonhundred-percent-fullwidth non-hundred-percent-height-scrolling fusion-equal-height-columns lazyload\" style=\"--awb-border-color:#ffffff;--awb-border-radius-top-left:0px;--awb-border-radius-top-right:0px;--awb-border-radius-bottom-right:0px;--awb-border-radius-bottom-left:0px;--awb-padding-top:0px;--awb-padding-right:0px;--awb-padding-bottom:0px;--awb-padding-left:0px;--awb-background-color:#edeff4;--awb-background-size:cover;--awb-border-sizes-top:0px;--awb-border-sizes-bottom:0px;--awb-flex-wrap:wrap;\" data-bg=\"https:\/\/www.sugarplus.es\/wp-content\/uploads\/2019\/11\/about-us-4-1024x475.jpg\" ><div class=\"fusion-builder-row fusion-row\"><div class=\"fusion-layout-column fusion_builder_column fusion-builder-column-3 fusion_builder_column_1_2 1_2 fusion-one-half fusion-column-first\" style=\"--awb-padding-top:10%;--awb-padding-bottom:10%;--awb-bg-size:cover;width:50%;width:calc(50% - ( ( 0 ) * 0.5 ) );margin-right: 0px;\"><div class=\"fusion-column-wrapper fusion-flex-column-wrapper-legacy\"><div class=\"fusion-image-element fusion-image-align-right in-legacy-container\" style=\"text-align:right;--awb-max-width:1200px;--awb-caption-title-font-family:var(--h2_typography-font-family);--awb-caption-title-font-weight:var(--h2_typography-font-weight);--awb-caption-title-font-style:var(--h2_typography-font-style);--awb-caption-title-size:var(--h2_typography-font-size);--awb-caption-title-transform:var(--h2_typography-text-transform);--awb-caption-title-line-height:var(--h2_typography-line-height);--awb-caption-title-letter-spacing:var(--h2_typography-letter-spacing);\"><span class=\" fusion-imageframe imageframe-none imageframe-2 hover-type-none fusion-animated\" style=\"margin-left:25px;float:right;\" data-animationType=\"fadeInUp\" data-animationDuration=\"0.3\" data-animationOffset=\"top-mid-of-view\"><img decoding=\"async\" width=\"501\" height=\"251\" title=\"sugarplus-logo\" src=\"data:image\/svg+xml,%3Csvg%20xmlns%3D%27http%3A%2F%2Fwww.w3.org%2F2000%2Fsvg%27%20width%3D%27501%27%20height%3D%27251%27%20viewBox%3D%270%200%20501%20251%27%3E%3Crect%20width%3D%27501%27%20height%3D%27251%27%20fill-opacity%3D%220%22%2F%3E%3C%2Fsvg%3E\" data-orig-src=\"https:\/\/www.sugarplus.es\/wp-content\/uploads\/2018\/12\/sugarplus-logo.png\" alt class=\"lazyload img-responsive wp-image-4025\"\/><\/span><\/div><div class=\"fusion-clearfix\"><\/div><\/div><\/div><div class=\"fusion-layout-column fusion_builder_column fusion-builder-column-4 fusion_builder_column_1_2 1_2 fusion-one-half fusion-column-last\" style=\"--awb-padding-top:10%;--awb-padding-right:10%;--awb-padding-bottom:10%;--awb-bg-size:cover;width:50%;width:calc(50% - ( ( 0 ) * 0.5 ) );\"><div class=\"fusion-column-wrapper fusion-flex-column-wrapper-legacy\"><div class=\"fusion-title title fusion-title-2 fusion-sep-none fusion-title-center fusion-title-text fusion-title-size-three\" style=\"--awb-margin-top-small:0px;--awb-margin-right-small:0px;--awb-margin-bottom-small:20px;--awb-margin-left-small:0px;\"><h3 class=\"fusion-title-heading title-heading-center fusion-responsive-typography-calculated\" style=\"margin:0;--fontSize:22;line-height:1.3;\"><p style=\"text-align: left;\"><span style=\"color: #ffffff; font-size: 18pt;\">SUGAR PLUS<\/span><\/p><\/h3><\/div><div class=\"fusion-sep-clear\"><\/div><div class=\"fusion-separator fusion-full-width-sep\" style=\"margin-left: auto;margin-right: auto;margin-top:0px;margin-bottom:30px;width:100%;\"><\/div><div class=\"fusion-sep-clear\"><\/div><div class=\"fusion-text fusion-text-3\"><p><span style=\"color: #ffffff; font-size: 14pt;\">Sugar Plus es la marca de ED&amp;F Man Espa\u00f1a especializada en la formulaci\u00f3n, fabricaci\u00f3n y distribuci\u00f3n de piensos l\u00edquidos para rumiantes.<\/span><\/p>\n<p><span style=\"color: #ffffff; font-size: 14pt;\"> Somos un equipo de profesionales j\u00f3venes, din\u00e1micos y apasionados, dedicados a servir a los ganaderos y sus animales, en toda Espa\u00f1a, con los mejores productos y servicios.<\/span><\/p>\n<\/div><div class=\"fusion-clearfix\"><\/div><\/div><\/div><\/div><\/div><\/div><div id=\"VALUES\" class=\"fusion-container-anchor\"><div class=\"fusion-fullwidth fullwidth-box fusion-builder-row-4 nonhundred-percent-fullwidth non-hundred-percent-height-scrolling fusion-equal-height-columns\" style=\"--awb-background-position:left top;--awb-border-color:#ffffff;--awb-border-radius-top-left:0px;--awb-border-radius-top-right:0px;--awb-border-radius-bottom-right:0px;--awb-border-radius-bottom-left:0px;--awb-padding-top:0px;--awb-padding-right:0px;--awb-padding-bottom:0px;--awb-padding-left:0px;--awb-background-color:#ffffff;--awb-border-sizes-top:0px;--awb-border-sizes-bottom:0px;--awb-flex-wrap:wrap;\" ><div class=\"fusion-builder-row fusion-row\"><div class=\"fusion-layout-column fusion_builder_column fusion-builder-column-5 fusion_builder_column_1_2 1_2 fusion-one-half fusion-column-first\" style=\"--awb-padding-top:10%;--awb-padding-right:10%;--awb-padding-bottom:10%;--awb-bg-size:cover;width:50%;width:calc(50% - ( ( 0 ) * 0.5 ) );margin-right: 0px;\"><div class=\"fusion-column-wrapper fusion-flex-column-wrapper-legacy\"><div class=\"fusion-sep-clear\"><\/div><div class=\"fusion-separator fusion-full-width-sep\" style=\"margin-left: auto;margin-right: auto;margin-top:0px;margin-bottom:30px;width:100%;\"><\/div><div class=\"fusion-sep-clear\"><\/div><div class=\"fusion-title title fusion-title-3 fusion-sep-none fusion-title-center fusion-title-text fusion-title-size-three\" style=\"--awb-margin-top-small:0px;--awb-margin-right-small:0px;--awb-margin-bottom-small:20px;--awb-margin-left-small:0px;\"><h3 class=\"fusion-title-heading title-heading-center fusion-responsive-typography-calculated\" style=\"margin:0;--fontSize:22;line-height:1.3;\"><p style=\"text-align: left;\"><span style=\"color: #000000; font-size: 18pt;\">NUESTROS VALORES<\/span><\/p><\/h3><\/div><div class=\"fusion-sep-clear\"><\/div><div class=\"fusion-separator fusion-full-width-sep\" style=\"margin-left: auto;margin-right: auto;margin-top:0px;margin-bottom:30px;width:100%;\"><\/div><div class=\"fusion-sep-clear\"><\/div><div class=\"fusion-text fusion-text-4\"><p><span style=\"color: #000000; font-size: 14pt;\">El grupo ED&amp;F Man es el primer productor de piensos l\u00edquidos para rumiantes en el mundo.<\/span><\/p>\n<p><span style=\"color: #000000; font-size: 14pt;\"> NUESTROS VALORES:<\/span><\/p>\n<ul>\n<li class=\"p1\"><span class=\"s1\" style=\"font-size: 14pt; color: #000000;\">Investigaci\u00f3n e innovaci\u00f3n <\/span><\/li>\n<li class=\"p1\"><span class=\"s1\" style=\"font-size: 14pt; color: #000000;\">Eficiencia <\/span><\/li>\n<li class=\"p1\"><span class=\"s1\" style=\"font-size: 14pt; color: #000000;\">Servicio <\/span><\/li>\n<li class=\"p1\"><span class=\"s1\" style=\"font-size: 14pt; color: #000000;\">Sostenibilidad<\/span><\/li>\n<\/ul>\n<p class=\"p1\"><span style=\"color: #000000; font-size: 14pt;\"><span class=\"s1\">Descubra m\u00e1s sobre NUESTRO negocio de piensos l\u00edquidos en todo el mundo;<\/span><\/span><\/p>\n<\/div><div class=\"fusion-clearfix\"><\/div><\/div><\/div><div class=\"fusion-layout-column fusion_builder_column fusion-builder-column-6 fusion_builder_column_1_2 1_2 fusion-one-half fusion-column-last fusion-animated\" style=\"--awb-bg-size:cover;width:50%;width:calc(50% - ( ( 0 ) * 0.5 ) );\" data-animationType=\"slideInLeft\" data-animationDuration=\"0.3\" data-animationOffset=\"top-mid-of-view\"><div class=\"fusion-column-wrapper fusion-column-has-shadow fusion-flex-column-wrapper-legacy\"><div class=\"fusion-sep-clear\"><\/div><div class=\"fusion-separator fusion-full-width-sep\" style=\"margin-left: auto;margin-right: auto;margin-top:0px;margin-bottom:30px;width:100%;\"><\/div><div class=\"fusion-sep-clear\"><\/div><div class=\"fusion-title title fusion-title-4 fusion-sep-none fusion-title-center fusion-title-text fusion-title-size-three\" style=\"--awb-margin-top-small:0px;--awb-margin-right-small:0px;--awb-margin-bottom-small:20px;--awb-margin-left-small:0px;\"><h3 class=\"fusion-title-heading title-heading-center fusion-responsive-typography-calculated\" style=\"margin:0;--fontSize:22;line-height:1.3;\"><p style=\"text-align: left;\">    \t<div id=\"map-container\">\r\n        <div id=\"mapdiv\" data-lat=\"\" data-long=\"\" data-zoom=\"\" style=\"width: 100%; background-color:#EEEEEE; height: 500px;\"><\/div>\r\n        <div id=\"desc_overlay\" class=\"animated\">\r\n\t        <h2 class=\"pop_desc_title\"><\/h2><span id=\"ico_close\"><img class=\"lazyload\" decoding=\"async\" src=\"data:image\/gif;base64,R0lGODlhAQABAAAAACH5BAEKAAEALAAAAAABAAEAAAICTAEAOw==\" data-orig-src=\"https:\/\/www.sugarplus.es\/wp-content\/plugins\/ideal-interactive-map\/img\/close.png\" align=\"middle\" \/><\/span>\r\n\t        <div id=\"overlay-content\"><\/p>\r\n\t        <\/div>\r\n        <\/div>\r\n    \t<\/div>\r\n    \t<div id=\"mapreadmore\">\r\n    \t<\/div> <\/h3><\/div><div class=\"fusion-sep-clear\"><\/div><div class=\"fusion-separator fusion-full-width-sep\" style=\"margin-left: auto;margin-right: auto;margin-top:0px;margin-bottom:30px;width:100%;\"><\/div><div class=\"fusion-sep-clear\"><\/div><div class=\"fusion-clearfix\"><\/div><\/div><\/div><\/div><\/div><\/div><\/p>\n","protected":false},"excerpt":{"rendered":"","protected":false},"author":5,"featured_media":0,"parent":0,"menu_order":0,"comment_status":"closed","ping_status":"closed","template":"100-width.php","meta":{"footnotes":""},"class_list":["post-3943","page","type-page","status-publish","hentry"],"aioseo_notices":[],"_links":{"self":[{"href":"https:\/\/www.sugarplus.es\/es\/wp-json\/wp\/v2\/pages\/3943","targetHints":{"allow":["GET"]}}],"collection":[{"href":"https:\/\/www.sugarplus.es\/es\/wp-json\/wp\/v2\/pages"}],"about":[{"href":"https:\/\/www.sugarplus.es\/es\/wp-json\/wp\/v2\/types\/page"}],"author":[{"embeddable":true,"href":"https:\/\/www.sugarplus.es\/es\/wp-json\/wp\/v2\/users\/5"}],"replies":[{"embeddable":true,"href":"https:\/\/www.sugarplus.es\/es\/wp-json\/wp\/v2\/comments?post=3943"}],"version-history":[{"count":0,"href":"https:\/\/www.sugarplus.es\/es\/wp-json\/wp\/v2\/pages\/3943\/revisions"}],"wp:attachment":[{"href":"https:\/\/www.sugarplus.es\/es\/wp-json\/wp\/v2\/media?parent=3943"}],"curies":[{"name":"wp","href":"https:\/\/api.w.org\/{rel}","templated":true}]}}